{"id":186,"date":"2023-12-05T12:46:16","date_gmt":"2023-12-05T12:46:16","guid":{"rendered":"https:\/\/vilav.pe\/?page_id=186"},"modified":"2024-02-26T10:39:05","modified_gmt":"2024-02-26T10:39:05","slug":"politica-de-privacidad","status":"publish","type":"page","link":"https:\/\/vilav.pe\/?page_id=186","title":{"rendered":"Pol\u00edtica de privacidad"},"content":{"rendered":"\n<h2 class=\"wp-block-heading\">Protecci\u00f3n de datos<\/h2>\n\n\n\n<p>La privacidad de la informaci\u00f3n de los usuarios es fundamental para Vilav, por lo cual la empresa recopilar\u00e1 y procesar\u00e1 los datos de sus usuarios de acuerdo con las disposiciones legales correspondientes.<\/p>\n\n\n\n<p>Puede explorar nuestro sitio web, vilav.pe, en cualquier momento sin necesidad de registrarse. Al visitar nuestra p\u00e1gina web, se almacenar\u00e1n en nuestros servidores datos an\u00f3nimos, como la p\u00e1gina web desde la que nos visita, las p\u00e1ginas de nuestro sitio que consulta y su direcci\u00f3n IP. Esta informaci\u00f3n no nos permite acceder a sus datos personales.<\/p>\n\n\n\n<p>Sin embargo, al realizar una compra en vilav.com, necesitamos cierta informaci\u00f3n personal que adquirimos a trav\u00e9s de los procesos de registro y\/o compra. Por este motivo, solicitamos su consentimiento para recopilar y almacenar sus datos.<\/p>\n","protected":false},"excerpt":{"rendered":"<p>Protecci\u00f3n de datos La privacidad de la informaci\u00f3n de los usuarios es fundamental para Vilav, por lo cual la empresa recopilar\u00e1 y procesar\u00e1 los datos de sus usuarios de acuerdo con las disposiciones legales correspondientes. Puede explorar nuestro sitio web, vilav.pe, en cualquier momento sin necesidad de registrarse. Al visitar nuestra p\u00e1gina web, se almacenar\u00e1n [&hellip;]<\/p>\n","protected":false},"author":1,"featured_media":0,"parent":0,"menu_order":0,"comment_status":"closed","ping_status":"closed","template":"","meta":{"footnotes":""},"_links":{"self":[{"href":"https:\/\/vilav.pe\/index.php?rest_route=\/wp\/v2\/pages\/186"}],"collection":[{"href":"https:\/\/vilav.pe\/index.php?rest_route=\/wp\/v2\/pages"}],"about":[{"href":"https:\/\/vilav.pe\/index.php?rest_route=\/wp\/v2\/types\/page"}],"author":[{"embeddable":true,"href":"https:\/\/vilav.pe\/index.php?rest_route=\/wp\/v2\/users\/1"}],"replies":[{"embeddable":true,"href":"https:\/\/vilav.pe\/index.php?rest_route=%2Fwp%2Fv2%2Fcomments&post=186"}],"version-history":[{"count":3,"href":"https:\/\/vilav.pe\/index.php?rest_route=\/wp\/v2\/pages\/186\/revisions"}],"predecessor-version":[{"id":1463,"href":"https:\/\/vilav.pe\/index.php?rest_route=\/wp\/v2\/pages\/186\/revisions\/1463"}],"wp:attachment":[{"href":"https:\/\/vilav.pe\/index.php?rest_route=%2Fwp%2Fv2%2Fmedia&parent=186"}],"curies":[{"name":"wp","href":"https:\/\/api.w.org\/{rel}","templated":true}]}}